{"id":3737,"date":"2024-08-25T20:41:27","date_gmt":"2024-08-25T18:41:27","guid":{"rendered":"https:\/\/annaferregimenez.com\/politica-de-privacitat\/"},"modified":"2024-09-05T19:52:47","modified_gmt":"2024-09-05T17:52:47","slug":"politica-de-privacitat","status":"publish","type":"page","link":"https:\/\/annaferregimenez.com\/ca\/politica-de-privacitat\/","title":{"rendered":"Pol\u00edtica de Privacitat"},"content":{"rendered":"<h2>POL\u00cdTICA DE PRIVACITAT I PROTECCI\u00d3 DE DADES<\/h2>\n<p>&nbsp;<\/p>\n<p>En compliment del Reglament (UE) 2016\/679 del Parlament Europeu i del Consell, de 27 d&#8217;abril de 2016, relatiu a la protecci\u00f3 de les persones f\u00edsiques en el que respecta al tractament de dades personals, pel qual es deroga la Directiva 95\/46\/CE (en endavant, RGPD), de la Llei 34\/2002, d&#8217;11 de juliol, de serveis de la societat de la informaci\u00f3 i comer\u00e7 electr\u00f2nic (en endavant, LSSI-CE) i de la Llei Org\u00e0nica 3\/2018, de Protecci\u00f3 de Dades Personals i garantia dels drets digitals (en endavant, LOPDGDD), Anna Ferre Gim\u00e9nez garanteix la protecci\u00f3 i confidencialitat de les dades personals, de qualsevol tipus que ens proporcionin els nostres clients, d&#8217;acord amb el que disposa el Reglament General de Protecci\u00f3 de Dades de Car\u00e0cter Personal.<\/p>\n<p>Les dades facilitades seran tractades en els termes establerts en el RGPD, en aquest sentit Anna Ferre Gim\u00e9nez ha adoptat els nivells de protecci\u00f3 que legalment s&#8217;exigeixen, i ha instal\u00b7lat totes les mesures t\u00e8cniques al seu abast per evitar la p\u00e8rdua, mal \u00fas, alteraci\u00f3, acc\u00e9s no autoritzat per tercers, exposats a continuaci\u00f3. No obstant aix\u00f2, l&#8217;usuari ha de ser conscient que les mesures de seguretat a Internet no s\u00f3n inexpugnables.<\/p>\n<p><strong>Responsable del tractament<\/strong><br \/>\nDenominaci\u00f3: Anna Ferre Gim\u00e9nez<br \/>\nAdre\u00e7a: C\/ Biscaia 25<br \/>\nTel\u00e8fon: 628378394<br \/>\nCorreu electr\u00f2nic: annaferre@priscaformacion.com<\/p>\n<p><strong>Finalitat del tractament<\/strong><br \/>\nTotes les dades facilitades pels nostres clients i\/o visitants en el web d&#8217;Anna Ferre Gim\u00e9nez o al seu personal, seran incloses en un registre d&#8217;activitats de tractament de dades de car\u00e0cter personal, creat i mantingut sota la responsabilitat d&#8217;Anna Ferre Gim\u00e9nez, imprescindibles per prestar els serveis sol\u00b7licitats pels usuaris, o per resoldre els dubtes o q\u00fcestions plantejades pels nostres visitants. La nostra pol\u00edtica \u00e9s no elaborar perfils sobre els usuaris dels nostres serveis.<\/p>\n<p><strong>Legitimitat del tractament<\/strong><\/p>\n<ol>\n<li>Relaci\u00f3 contractual: \u00c9s la que aplica quan compra un dels nostres productes o contracta algun dels nostres serveis.<\/li>\n<li>Inter\u00e8s leg\u00edtim: Per atendre les consultes i reclamacions que ens plantegi i per gestionar el cobrament de les quantitats degudes.<\/li>\n<li>El seu consentiment: Si \u00e9s usuari del nostre web, mitjan\u00e7ant la marcaci\u00f3 de la casella que figura en el formulari de contacte, ens autoritza a enviar-li les comunicacions necess\u00e0ries per donar resposta a la consulta o sol\u00b7licitud d&#8217;informaci\u00f3 plantejada.<\/li>\n<\/ol>\n<p><strong>Destinataris<\/strong><br \/>\nNo cedim les seves dades personals a ning\u00fa, a excepci\u00f3 d&#8217;aquelles entitats p\u00fabliques o privades a les quals estiguem obligats a facilitar les seves dades personals per complir alguna llei. Per posar un exemple, la Llei Tribut\u00e0ria obliga a facilitar a l&#8217;Ag\u00e8ncia Tribut\u00e0ria determinada informaci\u00f3 sobre operacions econ\u00f2miques que superin una determinada quantitat.<\/p>\n<p>En el cas que, al marge dels sup\u00f2sits comentats, necessitem donar a con\u00e8ixer la seva informaci\u00f3 personal a altres entitats, li sol\u00b7licitarem pr\u00e8viament el seu perm\u00eds a trav\u00e9s d&#8217;opcions clares que li permetran decidir sobre aquest aspecte.<\/p>\n<p><strong>Comunicaci\u00f3<\/strong><br \/>\nNo realitzarem transfer\u00e8ncies internacionals de les seves dades personals per a cap de les finalitats indicades.<\/p>\n<p><strong>Conservaci\u00f3<\/strong><br \/>\nNom\u00e9s conservarem les seves dades personals durant el temps que sigui necessari per assolir els fins per als quals van ser recollits. A l&#8217;hora de determinar el per\u00edode de conservaci\u00f3 oport\u00fa, examinem els riscos que comporta el tractament, aix\u00ed com les nostres obligacions contractuals, legals i normatives, les pol\u00edtiques internes de conservaci\u00f3 de dades i els nostres interessos de negoci leg\u00edtims descrits en aquest Av\u00eds de Privacitat i Pol\u00edtica de Cookies.<\/p>\n<p>En aquest sentit, Anna Ferre Gim\u00e9nez conservar\u00e0 les dades personals un cop finalitzada la seva relaci\u00f3 amb vost\u00e8, degudament bloquejades, durant el termini de prescripci\u00f3 de les accions que es puguin derivar de la relaci\u00f3 mantinguda amb l&#8217;interessat.<\/p>\n<p>Un cop bloquejades, les seves dades seran inaccessibles per a Prisca Formaci\u00f3n, i no seran tractades excepte per posar-les a disposici\u00f3 de les Administracions p\u00fabliques, Jutges i Tribunals, per a l&#8217;atenci\u00f3 de les possibles responsabilitats nascudes dels tractaments, aix\u00ed com per a l&#8217;exercici i defensa de reclamacions davant l&#8217;Ag\u00e8ncia Espanyola de Protecci\u00f3 de Dades.<\/p>\n<p><strong>Seguretat<\/strong><br \/>\nFem tots els esfor\u00e7os raonables per mantenir la confidencialitat de la informaci\u00f3 personal tractada en els nostres sistemes. Mantenim estrictes nivells de seguretat per protegir les dades de car\u00e0cter personal que processem contra p\u00e8rdues fortu\u00eftes i accessos, tractaments o revelacions no autoritzats, tenint en compte l&#8217;estat de la tecnologia, la naturalesa i els riscos a qu\u00e8 estan exposades les dades. No obstant aix\u00f2, no podem responsabilitzar-nos de l&#8217;\u00fas que vost\u00e8 faci de les dades (incl\u00f2s usuari i contrasenya) que utilitzi al nostre web. El nostre personal segueix estrictes normes de privacitat i, en cas de contractar tercers per prestar serveis de suport, els exigim que acatin les mateixes normes i ens permetin auditar-los per verificar el seu compliment.<\/p>\n<p><strong>Els seus drets<\/strong><br \/>\nL&#8217;informem que podr\u00e0 exercir els seg\u00fcents drets:<\/p>\n<ol>\n<li>Dret d&#8217;acc\u00e9s a les seves dades personals, per saber quines estan sent objecte de tractament i les operacions de tractament efectuades amb elles;<\/li>\n<li>Dret de rectificaci\u00f3 de qualsevol dada personal inexacta;<\/li>\n<li>Dret de supressi\u00f3 de les seves dades personals, quan aix\u00f2 sigui possible (per exemple, per imperatiu legal);<\/li>\n<li>Dret de limitaci\u00f3 del tractament de les seves dades personals quan l&#8217;exactitud, la legalitat o la necessitat del tractament de les dades sigui dubtosa, en aquest cas, podrem conservar-les per a l&#8217;exercici o la defensa de reclamacions.<\/li>\n<li>Dret d&#8217;oposici\u00f3 al tractament de les seves dades personals, quan la base legal que ens habiliti per al seu tractament sigui el nostre inter\u00e8s leg\u00edtim. \u00abNom_Empresa\u00bb deixar\u00e0 de tractar les seves dades llevat que tingui un inter\u00e8s leg\u00edtim o sigui necessari per a la defensa de reclamacions.<\/li>\n<li>Dret a la portabilitat de les seves dades, quan la base legal que ens habiliti per al seu tractament sigui l&#8217;exist\u00e8ncia d&#8217;una relaci\u00f3 contractual o el seu consentiment.<\/li>\n<li>Dret a revocar el consentiment atorgat a Prisca Formaci\u00f3n.<\/li>\n<\/ol>\n<p>Per exercir els seus drets, pot fer-ho de manera gratu\u00efta i en qualsevol moment contactant amb nosaltres a l&#8217;adre\u00e7a C\/ Biscaia 25, adjuntant una c\u00f2pia del seu DNI.<\/p>\n<p><strong>Tutela de drets<\/strong><br \/>\nEn cas que entengui que els seus drets han estat desatesos per la nostra entitat, pot formular una reclamaci\u00f3 a l&#8217;Ag\u00e8ncia Espanyola de Protecci\u00f3 de Dades, a trav\u00e9s d&#8217;algun dels mitjans seg\u00fcents:<\/p>\n<ul>\n<li>Seu electr\u00f2nica: [https:\/\/www.aepd.es](https:\/\/www.aepd.es)<\/li>\n<li>Correu postal: Ag\u00e8ncia Espanyola de Protecci\u00f3 de Dades, C\/ Jorge Juan, 6, 28001, Madrid<\/li>\n<li>Tel\u00e8fon: 901.100.099 i 912.663.517<\/li>\n<\/ul>\n<p>Formular una reclamaci\u00f3 a l&#8217;Ag\u00e8ncia Espanyola de Protecci\u00f3 de Dades no comporta cap cost i no \u00e9s necess\u00e0ria l&#8217;assist\u00e8ncia d&#8217;advocat ni procurador.<\/p>\n<p><strong>Actualitzacions<\/strong><br \/>\nPrisca Formaci\u00f3n es reserva el dret a modificar la present pol\u00edtica per adaptar-la a novetats legislatives o jurisprudencials que puguin afectar-ne el compliment.<\/p>\n","protected":false},"excerpt":{"rendered":"<p>POL\u00cdTICA DE PRIVACITAT I PROTECCI\u00d3 DE DADES &nbsp; En compliment del Reglament (UE) 2016\/679 del Parlament Europeu i del Consell, de 27 d&#8217;abril de 2016, relatiu a la protecci\u00f3 de les persones f\u00edsiques en el que respecta al tractament de dades personals, pel qual es deroga la Directiva 95\/46\/CE (en endavant, RGPD), de la Llei [&hellip;]<\/p>\n","protected":false},"author":4,"featured_media":0,"parent":0,"menu_order":0,"comment_status":"closed","ping_status":"closed","template":"","meta":{"footnotes":""},"class_list":["post-3737","page","type-page","status-publish","hentry"],"_links":{"self":[{"href":"https:\/\/annaferregimenez.com\/ca\/wp-json\/wp\/v2\/pages\/3737"}],"collection":[{"href":"https:\/\/annaferregimenez.com\/ca\/wp-json\/wp\/v2\/pages"}],"about":[{"href":"https:\/\/annaferregimenez.com\/ca\/wp-json\/wp\/v2\/types\/page"}],"author":[{"embeddable":true,"href":"https:\/\/annaferregimenez.com\/ca\/wp-json\/wp\/v2\/users\/4"}],"replies":[{"embeddable":true,"href":"https:\/\/annaferregimenez.com\/ca\/wp-json\/wp\/v2\/comments?post=3737"}],"version-history":[{"count":3,"href":"https:\/\/annaferregimenez.com\/ca\/wp-json\/wp\/v2\/pages\/3737\/revisions"}],"predecessor-version":[{"id":3739,"href":"https:\/\/annaferregimenez.com\/ca\/wp-json\/wp\/v2\/pages\/3737\/revisions\/3739"}],"wp:attachment":[{"href":"https:\/\/annaferregimenez.com\/ca\/wp-json\/wp\/v2\/media?parent=3737"}],"curies":[{"name":"wp","href":"https:\/\/api.w.org\/{rel}","templated":true}]}}