{"id":3742,"date":"2024-08-25T20:41:11","date_gmt":"2024-08-25T18:41:11","guid":{"rendered":"https:\/\/annaferregimenez.com\/avis-legal\/"},"modified":"2024-09-12T17:16:48","modified_gmt":"2024-09-12T15:16:48","slug":"avis-legal","status":"publish","type":"page","link":"https:\/\/annaferregimenez.com\/ca\/avis-legal\/","title":{"rendered":"Av\u00eds legal"},"content":{"rendered":"<p>En el presente Aviso Legal, el Usuario, podr\u00e1 encontrar toda la informaci\u00f3n relativa a las condiciones legales que definen las relaciones entre los usuarios y el responsable de la p\u00e1gina web accesible en la direcci\u00f3n URL www.annaferregimenez.com \u00a0(en adelante, el sitio web), que Anna Ferre Gim\u00e9nez pone a disposici\u00f3n de los usuarios de Internet.<br \/>\nLa utilizaci\u00f3n del sitio web implica la aceptaci\u00f3n plena y sin reservas de todas y cada una de las disposiciones incluidas en este Aviso Legal. En consecuencia, el usuario del sitio web debe leer atentamente el presente Aviso Legal en cada una de las ocasiones en que se proponga utilizar la web, ya que el texto podr\u00eda sufrir modificaciones a criterio del titular de la web, o a causa de un cambio legislativo, jurisprudencial o en la pr\u00e1ctica empresarial.<\/p>\n<h2>1.- DATOS DEL RESPONSABLE TITULAR DEL SITIO WEB.<\/h2>\n<p>Nombre del titular: Anna Ferre Gim\u00e9nez<br \/>\nDomicilio social: C\/ Biscaia 25<br \/>\nTel\u00e9fono de contacto: 628378394<br \/>\nCorreo electr\u00f3nico: annaferre@priscaformacion.com<\/p>\n<p>Anna Ferre Gim\u00e9nez es el responsable del Sitio Web y se compromete a cumplir con todos los requisitos nacionales y europeos que regulan el uso de los datos personales de los usuarios.<\/p>\n<p>Este Sitio Web garantiza la protecci\u00f3n y confidencialidad de los datos personales que nos proporcionen de acuerdo con lo dispuesto en el Reglamento General de Protecci\u00f3n de Datos de Car\u00e1cter Personal (UE) 2016\/679 del Parlamento Europeo y del Consejo, de 27 de abril de 2016, en la Ley Org\u00e1nica 3\/2018, de Protecci\u00f3n de Datos Personales y garant\u00eda de los derechos digitales, as\u00ed como en la Ley de Servicios de la Sociedad de la Informaci\u00f3n y Comercio Electr\u00f3nico 34\/2002 de 11 de Julio (LSSI-CE)<\/p>\n<h2>2.- OBJETO.<\/h2>\n<p>El sitio web facilita a los usuarios del mismo el acceso a informaci\u00f3n y servicios prestados por Anna Ferre Gim\u00e9nez a aquellas personas u organizaciones interesadas en los mismos.<\/p>\n<p>El acceso y la utilizaci\u00f3n del Sitio Web atribuye la condici\u00f3n de usuario del Sitio Web (en adelante, el \u201cUsuario\u201d) e implica la aceptaci\u00f3n de todas las condiciones incluidas en este Aviso Legal as\u00ed como de sus modificaciones. La prestaci\u00f3n del servicio del Sitio Web tiene una duraci\u00f3n limitada al momento en el que el Usuario se encuentre conectado al Sitio Web o a alguno de los servicios que a trav\u00e9s del mismo se facilitan. Por tanto, el Usuario debe leer atentamente el presente Aviso Legal en cada una de las ocasiones en que se proponga utilizar el Sitio Web, ya que \u00e9ste y sus condiciones de uso recogidas en el presente Aviso Legal pueden sufrir modificaciones.<\/p>\n<h2>3.- ACCESO Y UTILIZACI\u00d3N DE LA WEB.<\/h2>\n<p>3.1.- Car\u00e1cter gratuito del acceso y utilizaci\u00f3n de la web. El acceso a la web tiene car\u00e1cter gratuito para los usuarios de la misma, salvo en lo relativo al coste de la conexi\u00f3n a trav\u00e9s de la red de telecomunicaciones suministrada por el proveedor de acceso contratado por los usuarios.<br \/>\n3.2.- Registro de usuarios. Con car\u00e1cter general el acceso y utilizaci\u00f3n de la web no exige la previa suscripci\u00f3n o registro de los usuarios de la misma.<br \/>\n3.3.- Los usuarios garantizan y responden, en cualquier caso, de la exactitud, vigencia y autenticidad de los datos personales facilitados, y se comprometen a mantenerlos debidamente actualizados. El usuario acepta proporcionar informaci\u00f3n completa y correcta en el formulario de contacto o suscripci\u00f3n.<\/p>\n<p>En ning\u00fan caso se recabar\u00e1n del menor de edad datos relativos a la situaci\u00f3n profesional, econ\u00f3mica o a la intimidad de los otros miembros de la familia, sin el consentimiento de \u00e9stos. Si eres menor de trece a\u00f1os y has accedido a este sitio web sin avisar a tus padres no debes registrarte como usuario.<\/p>\n<p>En esta web se respetan y cuidan los datos personales de los usuarios. Como usuario debes saber que tus derechos est\u00e1n garantizados.<\/p>\n<h2>4.- CONTENIDOS DE LA WEB.<\/h2>\n<p>El idioma utilizado por el titular en la web ser\u00e1 el castellano. Anna Ferre Gim\u00e9nez no se responsabiliza de la no comprensi\u00f3n o entendimiento del idioma de la web por el usuario, ni de sus consecuencias.<br \/>\nAnna Ferre Gim\u00e9nez podr\u00e1 modificar los contenidos sin previo aviso, as\u00ed como suprimir y cambiar \u00e9stos dentro de la web, como la forma en que se accede a \u00e9stos, sin justificaci\u00f3n alguna y libremente, no responsabiliz\u00e1ndose de las consecuencias que los mismos puedan ocasionar a los usuarios.<br \/>\nSe proh\u00edbe el uso de los contenidos de la web para promocionar, contratar o divulgar publicidad o informaci\u00f3n propia o de terceras personas sin la autorizaci\u00f3n de Anna Ferre Gim\u00e9nez, ni remitir publicidad o informaci\u00f3n vali\u00e9ndose para ello de los servicios o informaci\u00f3n que se ponen a disposici\u00f3n de los usuarios, independientemente de si la utilizaci\u00f3n es gratuita o no.<br \/>\nLos enlaces o hiperenlaces que incorporen terceros en sus p\u00e1ginas web, dirigidos a esta web, ser\u00e1n para la apertura de la p\u00e1gina web completa, no pudiendo manifestar, directa o indirectamente, indicaciones falsas, inexactas o confusas, ni incurrir en acciones desleales o il\u00edcitas en contra de Anna Ferre Gim\u00e9nez.<\/p>\n<h2>5.- MEDIDAS DE SEGURIDAD.<\/h2>\n<p>Los datos personales comunicados por el usuario podr\u00e1n ser almacenados en bases de datos automatizadas o no, cuya titularidad corresponde en exclusiva a Anna Ferre Gim\u00e9nez, asumiendo todas las medidas de \u00edndole t\u00e9cnica, organizativa y de seguridad que garanticen la confidencialidad, integridad y calidad de la informaci\u00f3n contenida en las mismas de acuerdo con lo establecido en las normativas vigentes en materia de protecci\u00f3n de datos de car\u00e1cter personal.<\/p>\n<h2>6.- LIMITACI\u00d3N DE RESPONSABILIDAD.<\/h2>\n<p>Tanto el acceso a la web como el uso no consentido que pueda efectuarse de la informaci\u00f3n contenida en la misma es de la exclusiva responsabilidad de quien lo realiza. Anna Ferre Gim\u00e9nez no responder\u00e1 de ninguna consecuencia, da\u00f1o o perjuicio que pudieran derivarse de dicho acceso o uso. Anna Ferre Gim\u00e9nez no se hace responsable de los errores de seguridad, que se puedan producir ni de los da\u00f1os que puedan causarse al sistema inform\u00e1tico del usuario (hardware y software), o a los ficheros o documentos almacenados en el mismo, como consecuencia de:<br \/>\n\u2013 la presencia de un virus en el ordenador del usuario que sea utilizado para la conexi\u00f3n a los servicios y contenidos de la web.<br \/>\n\u2013 un mal funcionamiento del navegador.<br \/>\n\u2013 y\/o del uso de versiones no actualizadas del mismo.<br \/>\nPrisca Formaci\u00f3n no se hace responsable de la fiabilidad y rapidez de los hiperenlaces que se incorporen en la web para la apertura de otras. Anna Ferre Gim\u00e9nez no garantiza la utilidad de estos enlaces, ni se responsabiliza de los contenidos o servicios a los que pueda acceder el usuario por medio de estos enlaces, ni del buen funcionamiento de estas webs.<br \/>\nAnna Ferre Gim\u00e9nez no ser\u00e1 responsable de los virus o dem\u00e1s programas inform\u00e1ticos que deterioren o puedan deteriorar los sistemas o equipos inform\u00e1ticos de los usuarios al acceder a su web u otras webs a las que se haya accedido mediante enlaces de esta web.<\/p>\n<h2>7.- EMPLEO DE LA TECNOLOG\u00cdA \u00abCOOKIE\u00bb.<\/h2>\n<p>El Sitio Web puede emplear cookies o tecnolog\u00edas similares que se regir\u00e1n por lo establecido en la Pol\u00edtica de Cookies, accesible en todo momento y respetando la confidencialidad e intimidad del usuario, siendo parte integrante del presente Aviso Legal.<\/p>\n<h2>8.- NAVEGACI\u00d3N.<\/h2>\n<p>Los servidores de Internet pueden recoger datos no identificables, que puedan incluir, direcciones IP, y otros datos que no pueden ser utilizados para identificar al usuario. Su direcci\u00f3n IP se almacenar\u00e1 en los logs de acceso de forma autom\u00e1tica y con la \u00fanica finalidad de permitir el tr\u00e1nsito por Internet, siendo necesario que su equipo facilite esta direcci\u00f3n IP cuando navega por Internet para que las comunicaciones puedan realizarse. As\u00ed mismo, la direcci\u00f3n IP podr\u00e1 ser utilizada para realizar estad\u00edsticas, de manera anonimizada, sobre el n\u00famero de visitantes de esta web y su procedencia, de forma totalmente transparente a su navegaci\u00f3n.<\/p>\n<h2>9.- PROPIEDAD INTELECTUAL E INDUSTRIAL<\/h2>\n<p>El usuario conoce y acepta que todos los contenidos y\/o cualesquiera otros elementos del sitio web son propiedad de Prisca Formaci\u00f3n, y se compromete a respetar los derechos de propiedad intelectual e industrial titularidad de Anna Ferre Gim\u00e9nez. Cualquier uso de la web o sus contenidos deber\u00e1 tener un car\u00e1cter exclusivamente particular.<br \/>\nEst\u00e1 reservado exclusivamente a Anna Ferre Gim\u00e9nez, cualquier otro uso que suponga la copia, reproducci\u00f3n, distribuci\u00f3n, transformaci\u00f3n, comunicaci\u00f3n p\u00fablica o cualquier otra acci\u00f3n similar, de todo o parte de los contenidos de la web, por lo que ning\u00fan usuario podr\u00e1 llevar a cabo estas acciones sin la autorizaci\u00f3n previa y por escrito de Anna Ferre Gim\u00e9nez.<\/p>\n<p>Els continguts d&#8217;aquest lloc web estan protegits sota una llic\u00e8ncia Creative Commons Reconeixement-NoComercial (CC BY-NC). Aix\u00f2 significa que podeu compartir, copiar i redistribuir el material en qualsevol format, sempre que esmenti adequadament l&#8217;autoria i la font, i no s&#8217;utilitzi per a fins comercials.<\/p>\n<h2>10.- LEGISLACI\u00d3N APLICABLE Y JURISDICCI\u00d3N COMPETENTE<\/h2>\n<p>El presente Aviso Legal se interpretar\u00e1 y regir\u00e1 de conformidad con la legislaci\u00f3n espa\u00f1ola. Anna Ferre Gim\u00e9nez y los usuarios, con renuncia expresa a cualquier otro fuero que pudiera corresponderles, se someten al de los juzgados y tribunales del domicilio del usuario para cualquier controversia que pudiera derivarse del acceso o uso de la web. En el caso de que el usuario tenga su domicilio fuera de Espa\u00f1a, Anna Ferre Gim\u00e9nez y el usuario, se someten, con renuncia expresa a cualquier otro fuero, a los juzgados y tribunales del domicilio de Cardedeu<\/p>\n<p>&nbsp;<\/p>\n<p>&nbsp;<\/p>\n<h2>AV\u00cdS LEGAL<\/h2>\n<p>En el present Av\u00eds Legal, l&#8217;Usuari podr\u00e0 trobar tota la informaci\u00f3 relativa a les condicions legals que defineixen les relacions entre els usuaris i el responsable de la p\u00e0gina web accessible a l&#8217;adre\u00e7a URL www.annaferregimenez.com (en endavant, el lloc web), que Anna Ferre Gim\u00e9nez posa a disposici\u00f3 dels usuaris d&#8217;Internet.<br \/>\nL&#8217;\u00fas del lloc web implica l&#8217;acceptaci\u00f3 plena i sense reserves de totes i cadascuna de les disposicions incloses en aquest Av\u00eds Legal. En conseq\u00fc\u00e8ncia, l&#8217;usuari del lloc web ha de llegir atentament el present Av\u00eds Legal en cadascuna de les ocasions en qu\u00e8 es proposi utilitzar la web, ja que el text podria patir modificacions a criteri del titular de la web, o a causa d&#8217;un canvi legislatiu, jurisprudencial o en la pr\u00e0ctica empresarial.<\/p>\n<h2>1.- DADES DEL RESPONSABLE TITULAR DEL LLOC WEB.<\/h2>\n<p>Nom del titular: Anna Ferre Gim\u00e9nez<br \/>\nDomicili social: C\/ Biscaia 25<br \/>\nTel\u00e8fon de contacte: 628378394<br \/>\nCorreu electr\u00f2nic: annaferre@priscaformacion.com<\/p>\n<p>Anna Ferre Gim\u00e9nez \u00e9s la responsable del Lloc Web i es compromet a complir amb tots els requisits nacionals i europeus que regulen l&#8217;\u00fas de les dades personals dels usuaris.<\/p>\n<p>Aquest Lloc Web garanteix la protecci\u00f3 i confidencialitat de les dades personals que ens proporcionin d&#8217;acord amb el que disposa el Reglament General de Protecci\u00f3 de Dades de Car\u00e0cter Personal (UE) 2016\/679 del Parlament Europeu i del Consell, de 27 d&#8217;abril de 2016, en la Llei Org\u00e0nica 3\/2018, de Protecci\u00f3 de Dades Personals i garantia dels drets digitals, aix\u00ed com en la Llei de Serveis de la Societat de la Informaci\u00f3 i Comer\u00e7 Electr\u00f2nic 34\/2002, d&#8217;11 de juliol (LSSI-CE).<\/p>\n<h2>2.- OBJECTE.<\/h2>\n<p>El lloc web facilita als seus usuaris l&#8217;acc\u00e9s a informaci\u00f3 i serveis prestats per Anna Ferre Gim\u00e9nez a aquelles persones o organitzacions interessades en aquests.<\/p>\n<p>L&#8217;acc\u00e9s i l&#8217;\u00fas del Lloc Web atribueix la condici\u00f3 d&#8217;usuari del Lloc Web (en endavant, l&#8217;\u201cUsuari\u201d) i implica l&#8217;acceptaci\u00f3 de totes les condicions incloses en aquest Av\u00eds Legal aix\u00ed com de les seves modificacions. La prestaci\u00f3 del servei del Lloc Web t\u00e9 una durada limitada al moment en qu\u00e8 l&#8217;Usuari es trobi connectat al Lloc Web o a algun dels serveis que a trav\u00e9s d&#8217;aquest es faciliten. Per tant, l&#8217;Usuari ha de llegir atentament el present Av\u00eds Legal en cadascuna de les ocasions en qu\u00e8 es proposi utilitzar el Lloc Web, ja que aquest i les seves condicions d&#8217;\u00fas recollides en el present Av\u00eds Legal poden patir modificacions.<\/p>\n<h2>3.- ACC\u00c9S I UTILITZACI\u00d3 DE LA WEB.<\/h2>\n<p>3.1.- Car\u00e0cter gratu\u00eft de l&#8217;acc\u00e9s i utilitzaci\u00f3 de la web. L&#8217;acc\u00e9s a la web t\u00e9 car\u00e0cter gratu\u00eft per als usuaris d&#8217;aquesta, llevat del cost de la connexi\u00f3 a trav\u00e9s de la xarxa de telecomunicacions subministrada pel prove\u00efdor d&#8217;acc\u00e9s contractat pels usuaris.<br \/>\n3.2.- Registre d&#8217;usuaris. Amb car\u00e0cter general, l&#8217;acc\u00e9s i utilitzaci\u00f3 de la web no exigeix la pr\u00e8via subscripci\u00f3 o registre dels usuaris de la mateixa.<br \/>\n3.3.- Els usuaris garanteixen i responen, en tot cas, de l&#8217;exactitud, vig\u00e8ncia i autenticitat de les dades personals facilitades, i es comprometen a mantenir-les degudament actualitzades. L&#8217;usuari accepta proporcionar informaci\u00f3 completa i correcta en el formulari de contacte o subscripci\u00f3.<\/p>\n<p>En cap cas es recolliran dades del menor d&#8217;edat relatives a la situaci\u00f3 professional, econ\u00f2mica o a la intimitat dels altres membres de la fam\u00edlia, sense el consentiment d&#8217;aquests. Si tens menys de tretze anys i has accedit a aquest lloc web sense avisar els teus pares, no has de registrar-te com a usuari.<\/p>\n<p>En aquesta web es respecten i cuiden les dades personals dels usuaris. Com a usuari, has de saber que els teus drets estan garantits.<\/p>\n<h2>4.- CONTINGUTS DE LA WEB.<\/h2>\n<p>L&#8217;idioma utilitzat pel titular a la web ser\u00e0 el castell\u00e0. Anna Ferre Gim\u00e9nez no es responsabilitza de la no comprensi\u00f3 o enteniment de l&#8217;idioma de la web per part de l&#8217;usuari, ni de les seves conseq\u00fc\u00e8ncies.<br \/>\nAnna Ferre Gim\u00e9nez podr\u00e0 modificar els continguts sense previ av\u00eds, aix\u00ed com suprimir i canviar-los dins de la web, com la forma en qu\u00e8 s&#8217;accedeix a aquests, sense justificaci\u00f3 i lliurement, no responsabilitzant-se de les conseq\u00fc\u00e8ncies que aquests puguin ocasionar als usuaris.<br \/>\nEs prohibeix l&#8217;\u00fas dels continguts de la web per promocionar, contractar o divulgar publicitat o informaci\u00f3 pr\u00f2pia o de terceres persones sense l&#8217;autoritzaci\u00f3 d&#8217;Anna Ferre Gim\u00e9nez, ni enviar publicitat o informaci\u00f3 utilitzant-se dels serveis o informaci\u00f3 que es posen a disposici\u00f3 dels usuaris, independentment de si la utilitzaci\u00f3 \u00e9s gratu\u00efta o no.<br \/>\nEls enlla\u00e7os o hiperenlla\u00e7os que incorporin tercers en les seves p\u00e0gines web, dirigits a aquesta web, seran per a l&#8217;obertura de la p\u00e0gina web completa, no podent manifestar, directa o indirectament, indicacions falses, inexactes o confuses, ni inc\u00f3rrer en accions deslleials o il\u00b7l\u00edcites en contra d&#8217;Anna Ferre Gim\u00e9nez.<\/p>\n<h2>5.- MESURES DE SEGURETAT.<\/h2>\n<p>Les dades personals comunicades per l&#8217;usuari podran ser emmagatzemades en bases de dades automatitzades o no, la titularitat de les quals correspon en exclusiva a Anna Ferre Gim\u00e9nez, assumint totes les mesures de tipus t\u00e8cnic, organitzatiu i de seguretat que garanteixin la confidencialitat, integritat i qualitat de la informaci\u00f3 continguda en les mateixes d&#8217;acord amb el que estableixen les normatives vigents en mat\u00e8ria de protecci\u00f3 de dades de car\u00e0cter personal.<\/p>\n<h2>6.- LIMITACI\u00d3 DE RESPONSABILITAT.<\/h2>\n<p>Tant l&#8217;acc\u00e9s a la web com l&#8217;\u00fas no consentit que es pugui fer de la informaci\u00f3 continguda en la mateixa \u00e9s de l&#8217;exclusiva responsabilitat de qui el realitza. Anna Ferre Gim\u00e9nez no respondr\u00e0 de cap conseq\u00fc\u00e8ncia, dany o perjudici que pogu\u00e9s derivar-se d&#8217;aquest acc\u00e9s o \u00fas. Anna Ferre Gim\u00e9nez no es fa responsable dels errors de seguretat que es puguin produir ni dels danys que puguin causar-se al sistema inform\u00e0tic de l&#8217;usuari (hardware i software), o als fitxers o documents emmagatzemats en el mateix, com a conseq\u00fc\u00e8ncia de:<br \/>\n\u2013 la pres\u00e8ncia d&#8217;un virus en l&#8217;ordinador de l&#8217;usuari que sigui utilitzat per a la connexi\u00f3 als serveis i continguts de la web.<br \/>\n\u2013 un mal funcionament del navegador.<br \/>\n\u2013 i\/o de l&#8217;\u00fas de versions no actualitzades del mateix.<br \/>\nPrisca Formaci\u00f3n no es fa responsable de la fiabilitat i rapidesa dels hiperenlla\u00e7os que s&#8217;incorporin a la web per a l&#8217;obertura d&#8217;altres. Anna Ferre Gim\u00e9nez no garanteix la utilitat d&#8217;aquests enlla\u00e7os, ni es responsabilitza dels continguts o serveis als quals pugui accedir l&#8217;usuari per mitj\u00e0 d&#8217;aquests enlla\u00e7os, ni del bon funcionament d&#8217;aquestes webs.<br \/>\nAnna Ferre Gim\u00e9nez no ser\u00e0 responsable dels virus o altres programes inform\u00e0tics que deteriorin o puguin deteriorar els sistemes o equips inform\u00e0tics dels usuaris en accedir a la seva web o altres webs a les quals s&#8217;hagi accedit mitjan\u00e7ant enlla\u00e7os d&#8217;aquesta web.<\/p>\n<h2>7.- \u00daS DE LA TECNOLOGIA \u00abCOOKIE\u00bb.<\/h2>\n<p>El Lloc Web pot utilitzar cookies o tecnologies similars que es regiran pel que estableix la Pol\u00edtica de Cookies, accessible en tot moment i respectant la confidencialitat i intimitat de l&#8217;usuari, sent part integrant del present Av\u00eds Legal.<\/p>\n<p>&nbsp;<\/p>\n<h2>8.- NAVEGACI\u00d3.<\/h2>\n<p>Els servidors d&#8217;Internet poden recollir dades no identificables, que poden incloure adreces IP i altres dades que no es poden utilitzar per identificar l&#8217;usuari. La seva adre\u00e7a IP s&#8217;emmagatzemar\u00e0 en els registres d&#8217;acc\u00e9s de manera autom\u00e0tica i amb l&#8217;\u00fanica finalitat de permetre el tr\u00e0nsit per Internet, sent necessari que el seu equip faciliti aquesta adre\u00e7a IP quan navega per Internet perqu\u00e8 les comunicacions puguin realitzar-se. Aix\u00ed mateix, l&#8217;adre\u00e7a IP podr\u00e0 ser utilitzada per a realitzar estad\u00edstiques, de manera anonimitzada, sobre el nombre de visitants d&#8217;aquesta web i la seva proced\u00e8ncia, de manera totalment transparent a la seva navegaci\u00f3.<\/p>\n<h2>9.- PROPIETAT INTEL\u00b7LECTUAL I INDUSTRIAL<\/h2>\n<p>L&#8217;usuari coneix i accepta que tots els continguts i\/o qualssevol altres elements del lloc web s\u00f3n propietat de Prisca Formaci\u00f3n, i es compromet a respectar els drets de propietat intel\u00b7lectual i industrial titularitat d&#8217;Anna Ferre Gim\u00e9nez. Qualsevol \u00fas de la web o dels seus continguts haur\u00e0 de tenir un car\u00e0cter exclusivament particular.<br \/>\nQueda reservat exclusivament a Anna Ferre Gim\u00e9nez qualsevol altre \u00fas que impliqui la c\u00f2pia, reproducci\u00f3, distribuci\u00f3, transformaci\u00f3, comunicaci\u00f3 p\u00fablica o qualsevol altra acci\u00f3 similar, de tot o part dels continguts de la web, de manera que cap usuari podr\u00e0 dur a terme aquestes accions sense l&#8217;autoritzaci\u00f3 pr\u00e8via i per escrit d&#8217;Anna Ferre Gim\u00e9nez.<\/p>\n<h2>10.- LEGISLACI\u00d3 APLICABLE I JURISDICCI\u00d3 COMPETENT<\/h2>\n<p>El present Av\u00eds Legal s&#8217;interpretar\u00e0 i regir\u00e0 de conformitat amb la legislaci\u00f3 espanyola. Anna Ferre Gim\u00e9nez i els usuaris, amb ren\u00fancia expressa a qualsevol altre fur que els pogu\u00e9s correspondre, se sotmeten al dels jutjats i tribunals del domicili de l&#8217;usuari per a qualsevol controv\u00e8rsia que pogu\u00e9s derivar-se de l&#8217;acc\u00e9s o \u00fas de la web. En el cas que l&#8217;usuari tingui el seu domicili fora d&#8217;Espanya, Anna Ferre Gim\u00e9nez i l&#8217;usuari se sotmeten, amb ren\u00fancia expressa a qualsevol altre fur, als jutjats i tribunals del domicili de Cardedeu.<\/p>\n","protected":false},"excerpt":{"rendered":"<p>En el presente Aviso Legal, el Usuario, podr\u00e1 encontrar toda la informaci\u00f3n relativa a las condiciones legales que definen las relaciones entre los usuarios y el responsable de la p\u00e1gina web accesible en la direcci\u00f3n URL www.annaferregimenez.com \u00a0(en adelante, el sitio web), que Anna Ferre Gim\u00e9nez pone a disposici\u00f3n de los usuarios de Internet. La [&hellip;]<\/p>\n","protected":false},"author":4,"featured_media":0,"parent":0,"menu_order":0,"comment_status":"closed","ping_status":"closed","template":"","meta":{"footnotes":""},"class_list":["post-3742","page","type-page","status-publish","hentry"],"_links":{"self":[{"href":"https:\/\/annaferregimenez.com\/ca\/wp-json\/wp\/v2\/pages\/3742"}],"collection":[{"href":"https:\/\/annaferregimenez.com\/ca\/wp-json\/wp\/v2\/pages"}],"about":[{"href":"https:\/\/annaferregimenez.com\/ca\/wp-json\/wp\/v2\/types\/page"}],"author":[{"embeddable":true,"href":"https:\/\/annaferregimenez.com\/ca\/wp-json\/wp\/v2\/users\/4"}],"replies":[{"embeddable":true,"href":"https:\/\/annaferregimenez.com\/ca\/wp-json\/wp\/v2\/comments?post=3742"}],"version-history":[{"count":2,"href":"https:\/\/annaferregimenez.com\/ca\/wp-json\/wp\/v2\/pages\/3742\/revisions"}],"predecessor-version":[{"id":4912,"href":"https:\/\/annaferregimenez.com\/ca\/wp-json\/wp\/v2\/pages\/3742\/revisions\/4912"}],"wp:attachment":[{"href":"https:\/\/annaferregimenez.com\/ca\/wp-json\/wp\/v2\/media?parent=3742"}],"curies":[{"name":"wp","href":"https:\/\/api.w.org\/{rel}","templated":true}]}}