{"id":3745,"date":"2024-08-26T10:30:24","date_gmt":"2024-08-26T08:30:24","guid":{"rendered":"https:\/\/annaferregimenez.com\/contactar\/"},"modified":"2024-09-12T17:17:41","modified_gmt":"2024-09-12T15:17:41","slug":"contactar","status":"publish","type":"page","link":"https:\/\/annaferregimenez.com\/ca\/contactar\/","title":{"rendered":"Contactar"},"content":{"rendered":"<div id='welcome'  class='av-layout-grid-container av-1srlp3-ecb057a8ab037b9abe10a8ed0995a654 entry-content-wrapper main_color av-fixed-cells  avia-builder-el-0  el_before_av_layout_row  avia-builder-el-first   container_wrap fullsize'  >\n\n<style type=\"text\/css\" data-created_by=\"avia_inline_auto\" id=\"style-css-av-1lna2n-17d4a729cd01a99139a2468778b65d89\">\n.flex_cell.av-1lna2n-17d4a729cd01a99139a2468778b65d89{\nvertical-align:top;\nheight:15px;\nmin-height:15px;\nbackground-color:#23955c;\n}\n.responsive #top #wrap_all .flex_cell.av-1lna2n-17d4a729cd01a99139a2468778b65d89{\npadding:0px 0px 0px 0px !important;\n}\n<\/style>\n<div class='flex_cell av-1lna2n-17d4a729cd01a99139a2468778b65d89 av-gridrow-cell av_one_fourth no_margin  avia-builder-el-1  el_before_av_cell_one_fourth  avia-builder-el-first  av-zero-padding'  ><div class='flex_cell_inner'><\/div><\/div>\n<style type=\"text\/css\" data-created_by=\"avia_inline_auto\" id=\"style-css-av-1fbba7-0c55df70addaad96ba4228c374e57b86\">\n.flex_cell.av-1fbba7-0c55df70addaad96ba4228c374e57b86{\nvertical-align:top;\nheight:15px;\nmin-height:15px;\nbackground-color:#45ba7d;\n}\n.responsive #top #wrap_all .flex_cell.av-1fbba7-0c55df70addaad96ba4228c374e57b86{\npadding:0px 0px 0px 0px !important;\n}\n<\/style>\n<div class='flex_cell av-1fbba7-0c55df70addaad96ba4228c374e57b86 av-gridrow-cell av_one_fourth no_margin  avia-builder-el-2  el_after_av_cell_one_fourth  el_before_av_cell_one_fourth  av-zero-padding'  ><div class='flex_cell_inner'><\/div><\/div>\n<style type=\"text\/css\" data-created_by=\"avia_inline_auto\" id=\"style-css-av-17q2v3-38dad78fae9b3761d192f501ceda5919\">\n.flex_cell.av-17q2v3-38dad78fae9b3761d192f501ceda5919{\nvertical-align:top;\nheight:15px;\nmin-height:15px;\nbackground-color:#4a9295;\n}\n.responsive #top #wrap_all .flex_cell.av-17q2v3-38dad78fae9b3761d192f501ceda5919{\npadding:0px 0px 0px 0px !important;\n}\n<\/style>\n<div class='flex_cell av-17q2v3-38dad78fae9b3761d192f501ceda5919 av-gridrow-cell av_one_fourth no_margin  avia-builder-el-3  el_after_av_cell_one_fourth  el_before_av_cell_one_fourth  av-zero-padding'  ><div class='flex_cell_inner'><\/div><\/div>\n<style type=\"text\/css\" data-created_by=\"avia_inline_auto\" id=\"style-css-av-159u5z-ab0cfd40554882a665cf930e7df2af39\">\n.flex_cell.av-159u5z-ab0cfd40554882a665cf930e7df2af39{\nvertical-align:top;\nheight:15px;\nmin-height:15px;\nbackground-color:#336a8b;\n}\n.responsive #top #wrap_all .flex_cell.av-159u5z-ab0cfd40554882a665cf930e7df2af39{\npadding:0px 0px 0px 0px !important;\n}\n<\/style>\n<div class='flex_cell av-159u5z-ab0cfd40554882a665cf930e7df2af39 av-gridrow-cell av_one_fourth no_margin  avia-builder-el-4  el_after_av_cell_one_fourth  avia-builder-el-last  av-zero-padding'  ><div class='flex_cell_inner'><\/div><\/div>\n<\/div>\n<div id='hello'  class='av-layout-grid-container av-fjp47-93cccae4432c943d0c698789aba60ff0 entry-content-wrapper main_color av-flex-cells  avia-builder-el-5  el_after_av_layout_row  el_before_av_layout_row  grid-row-not-first  container_wrap fullsize'  >\n\n<style type=\"text\/css\" data-created_by=\"avia_inline_auto\" id=\"style-css-av-48pov3-820ece47f61d4a2a7ddb3f5443991279\">\n.flex_cell.av-48pov3-820ece47f61d4a2a7ddb3f5443991279{\nvertical-align:top;\n}\n.responsive #top #wrap_all .flex_cell.av-48pov3-820ece47f61d4a2a7ddb3f5443991279{\npadding:100px 100px 100px 100px !important;\n}\n\n@media only screen and (min-width: 480px) and (max-width: 767px){ \n.responsive #top #wrap_all .flex_cell.av-48pov3-820ece47f61d4a2a7ddb3f5443991279{\npadding:5% 5% 5% 5% !important;\n}\n}\n\n@media only screen and (max-width: 479px){ \n.responsive #top #wrap_all .flex_cell.av-48pov3-820ece47f61d4a2a7ddb3f5443991279{\npadding:5% 5% 5% 5% !important;\n}\n}\n<\/style>\n<div class='flex_cell av-48pov3-820ece47f61d4a2a7ddb3f5443991279 av-gridrow-cell av_one_half no_margin  avia-builder-el-6  el_before_av_cell_one_half  avia-builder-el-first '  ><div class='flex_cell_inner'><p>\n<style type=\"text\/css\" data-created_by=\"avia_inline_auto\" id=\"style-css-av-44hqyf-a70a206f4204ab9f21a24959119359ac\">\n#top .av-special-heading.av-44hqyf-a70a206f4204ab9f21a24959119359ac{\npadding-bottom:30px;\nfont-size:50px;\n}\nbody .av-special-heading.av-44hqyf-a70a206f4204ab9f21a24959119359ac .av-special-heading-tag .heading-char{\nfont-size:25px;\n}\n#top #wrap_all .av-special-heading.av-44hqyf-a70a206f4204ab9f21a24959119359ac .av-special-heading-tag{\nfont-size:50px;\n}\n.av-special-heading.av-44hqyf-a70a206f4204ab9f21a24959119359ac .av-subheading{\nfont-size:15px;\n}\n\n@media only screen and (min-width: 480px) and (max-width: 767px){ \n#top #wrap_all .av-special-heading.av-44hqyf-a70a206f4204ab9f21a24959119359ac .av-special-heading-tag{\nfont-size:0.8em;\n}\n}\n\n@media only screen and (max-width: 479px){ \n#top #wrap_all .av-special-heading.av-44hqyf-a70a206f4204ab9f21a24959119359ac .av-special-heading-tag{\nfont-size:0.8em;\n}\n}\n<\/style>\n<div  class='av-special-heading av-44hqyf-a70a206f4204ab9f21a24959119359ac av-special-heading-h1 blockquote modern-quote  avia-builder-el-7  el_before_av_textblock  avia-builder-el-first  av-inherit-size'><h1 class='av-special-heading-tag '  itemprop=\"headline\"  >Vols que <u>parlem<\/u>?<\/h1><div class=\"special-heading-border\"><div class=\"special-heading-inner-border\"><\/div><\/div><\/div><br \/>\n<section  class='av_textblock_section av-3ybtrb-9f28f744e98120e8aaa63d4507aff52d '   itemscope=\"itemscope\" itemtype=\"https:\/\/schema.org\/CreativeWork\" ><div class='avia_textblock'  itemprop=\"text\" ><p>Si creus que potser et puc ajudar, pots enviar-me un WhatsApp o un correu electr\u00f2nic i et respondr\u00e9 el m\u00e9s aviat possible.<\/p>\n<p>Junts, juntes, valorarem si soc la persona que pot acompanyar-te ara en un tram del teu cam\u00ed. Per a mi, ser\u00e0 un plaer coincidir.<\/p>\n\n<style type=\"text\/css\" data-created_by=\"avia_inline_auto\" id=\"style-css-av-h6uqv-a6b327dc4859196436521c9bc852bfea\">\n.av_font_icon.av-h6uqv-a6b327dc4859196436521c9bc852bfea .av-icon-char{\nfont-size:30px;\nline-height:30px;\n}\n<\/style>\n<span  class='av_font_icon av-h6uqv-a6b327dc4859196436521c9bc852bfea avia_animate_when_visible av-icon-style- avia-icon-pos-left av-no-color avia-icon-animate'><span class='av-icon-char' aria-hidden='true' data-av_icon='\ue805' data-av_iconfont='entypo-fontello' ><\/span><\/span>\n<p>Escriu-me a\u00a0 <a href=\"mailto:annaferre@priscaformacion.com\" target=\"_blank\" rel=\"noopener\">annaferre@priscaformacion.com<\/a><\/p>\n\n<style type=\"text\/css\" data-created_by=\"avia_inline_auto\" id=\"style-css-av-6tobz-10b6112699135b11ae04ba0f3a75c333\">\n.av_font_icon.av-6tobz-10b6112699135b11ae04ba0f3a75c333 .av-icon-char{\nfont-size:30px;\nline-height:30px;\n}\n<\/style>\n<span  class='av_font_icon av-6tobz-10b6112699135b11ae04ba0f3a75c333 avia_animate_when_visible av-icon-style- avia-icon-pos-left av-no-color avia-icon-animate'><span class='av-icon-char' aria-hidden='true' data-av_icon='\uf232' data-av_iconfont='entypo-fontello' ><\/span><\/span>\n<p>Envia&#8217;m un whatsapp\u00a0 <a href=\"https:\/\/wa.me\/34628378394\" target=\"_blank\" rel=\"noopener\">34 628 378 394<\/a><\/p>\n<\/div><\/section><br \/>\n\n<style type=\"text\/css\" data-created_by=\"avia_inline_auto\" id=\"style-css-av-3rce27-04a81e96266683ae8aaacc741c67a376\">\n#top .hr.hr-invisible.av-3rce27-04a81e96266683ae8aaacc741c67a376{\nheight:20px;\n}\n<\/style>\n<div  class='hr av-3rce27-04a81e96266683ae8aaacc741c67a376 hr-invisible  avia-builder-el-11  el_after_av_textblock  el_before_av_textblock '><span class='hr-inner '><span class=\"hr-inner-style\"><\/span><\/span><\/div><br \/>\n<section  class='av_textblock_section av-m0wj05tz-cf5402643c0c1390ff71b09f05a84b6b '   itemscope=\"itemscope\" itemtype=\"https:\/\/schema.org\/CreativeWork\" ><div class='avia_textblock'  itemprop=\"text\" ><p>Per a formaci\u00f3 contacta amb mi a<\/p>\n\n<style type=\"text\/css\" data-created_by=\"avia_inline_auto\" id=\"style-css-av-av_font_icon-063f90cd7b8a1f89179509f44692b7e7\">\n.av_font_icon.av-av_font_icon-063f90cd7b8a1f89179509f44692b7e7 .av-icon-char{\nfont-size:30px;\nline-height:30px;\n}\n<\/style>\n<span  class='av_font_icon av-av_font_icon-063f90cd7b8a1f89179509f44692b7e7 avia_animate_when_visible av-icon-style- avia-icon-pos-left av-no-color avia-icon-animate'><span class='av-icon-char' aria-hidden='true' data-av_icon='\ue8c9' data-av_iconfont='entypo-fontello' ><\/span><\/span>\n<p><a href=\"http:\/\/www.priscaformacion.com\/\" target=\"_blank\" rel=\"noopener\">www.priscaformacion.com<\/a><\/p>\n\n<style type=\"text\/css\" data-created_by=\"avia_inline_auto\" id=\"style-css-av-av_font_icon-063f90cd7b8a1f89179509f44692b7e7\">\n.av_font_icon.av-av_font_icon-063f90cd7b8a1f89179509f44692b7e7 .av-icon-char{\nfont-size:30px;\nline-height:30px;\n}\n<\/style>\n<span  class='av_font_icon av-av_font_icon-063f90cd7b8a1f89179509f44692b7e7 avia_animate_when_visible av-icon-style- avia-icon-pos-left av-no-color avia-icon-animate'><span class='av-icon-char' aria-hidden='true' data-av_icon='\ue8c9' data-av_iconfont='entypo-fontello' ><\/span><\/span>\n<p><a href=\"http:\/\/www.aulavirtualdeprisca.com\/\" target=\"_blank\" rel=\"noopener\">www.aulavirtualdeprisca.com<\/a><\/p>\n<\/div><\/section><br \/>\n\n<style type=\"text\/css\" data-created_by=\"avia_inline_auto\" id=\"style-css-av-av_hr-541a50d8512ee1db65e0a741449ba0b9\">\n#top .hr.hr-invisible.av-av_hr-541a50d8512ee1db65e0a741449ba0b9{\nheight:20px;\n}\n<\/style>\n<div  class='hr av-av_hr-541a50d8512ee1db65e0a741449ba0b9 hr-invisible  avia-builder-el-15  el_after_av_textblock  el_before_av_textblock '><span class='hr-inner '><span class=\"hr-inner-style\"><\/span><\/span><\/div><br \/>\n\n<style type=\"text\/css\" data-created_by=\"avia_inline_auto\" id=\"style-css-av-3j0me7-15d7b5a4b2bd6dba3a5fa0e9e065b01c\">\n#top .av_textblock_section.av-3j0me7-15d7b5a4b2bd6dba3a5fa0e9e065b01c .avia_textblock{\nfont-size:25px;\n}\n<\/style>\n<section  class='av_textblock_section av-3j0me7-15d7b5a4b2bd6dba3a5fa0e9e065b01c '   itemscope=\"itemscope\" itemtype=\"https:\/\/schema.org\/CreativeWork\" ><div class='avia_textblock'  itemprop=\"text\" ><p><span style=\"text-decoration: underline;\">&#8220;No et puc donar res que no existeixi ja dins teu. No et puc proposar cap imatge que no sigui la teva. Nom\u00e9s t&#8217;estic ajudant a fer visible el teu propi univers.&#8221; Herman Hesse<\/span><\/p>\n<\/div><\/section><\/p>\n<\/div><\/div>\n<style type=\"text\/css\" data-created_by=\"avia_inline_auto\" id=\"style-css-av-3bt29b-d4d4f283efebb994258f2229d64544c5\">\n.flex_cell.av-3bt29b-d4d4f283efebb994258f2229d64544c5{\nvertical-align:top;\nbackground:url(https:\/\/annaferregimenez.com\/wp-content\/uploads\/2024\/08\/22.05.05-Anna-Ferre-023-2O3A3267_BR.jpg) 50% 50% no-repeat scroll ;\n}\n.responsive #top #wrap_all .flex_cell.av-3bt29b-d4d4f283efebb994258f2229d64544c5{\npadding:50px 50px 50px 50px !important;\n}\n\n@media only screen and (min-width: 480px) and (max-width: 767px){ \n.responsive #top #wrap_all .flex_cell.av-3bt29b-d4d4f283efebb994258f2229d64544c5{\npadding:35% 5% 35% 5% !important;\n}\n}\n\n@media only screen and (max-width: 479px){ \n.responsive #top #wrap_all .flex_cell.av-3bt29b-d4d4f283efebb994258f2229d64544c5{\npadding:35% 5% 35% 5% !important;\n}\n}\n<\/style>\n<div class='flex_cell av-3bt29b-d4d4f283efebb994258f2229d64544c5 av-gridrow-cell av_one_half no_margin  avia-builder-el-17  el_after_av_cell_one_half  avia-builder-el-last  avia-full-stretch'  ><div class='flex_cell_inner'><\/div><\/div><\/div><div id='welcome'  class='av-layout-grid-container av-xr7vr-04cf6cc6dbc6b4bfab1d6b84a4c45fff entry-content-wrapper main_color av-fixed-cells  avia-builder-el-18  el_after_av_layout_row  el_before_av_section  grid-row-not-first  container_wrap fullsize'  >\n\n<style type=\"text\/css\" data-created_by=\"avia_inline_auto\" id=\"style-css-av-2i40v-ab126fde5edc44ca0df4fd358487d5af\">\n.flex_cell.av-2i40v-ab126fde5edc44ca0df4fd358487d5af{\nvertical-align:top;\nheight:15px;\nmin-height:15px;\nbackground-color:#23955c;\n}\n.responsive #top #wrap_all .flex_cell.av-2i40v-ab126fde5edc44ca0df4fd358487d5af{\npadding:0px 0px 0px 0px !important;\n}\n<\/style>\n<div class='flex_cell av-2i40v-ab126fde5edc44ca0df4fd358487d5af av-gridrow-cell av_one_fourth no_margin  avia-builder-el-19  el_before_av_cell_one_fourth  avia-builder-el-first  av-zero-padding'  ><div class='flex_cell_inner'><\/div><\/div>\n<style type=\"text\/css\" data-created_by=\"avia_inline_auto\" id=\"style-css-av-ja6xr-3df94be2a363c7ca6a23b6a5d6097913\">\n.flex_cell.av-ja6xr-3df94be2a363c7ca6a23b6a5d6097913{\nvertical-align:top;\nheight:15px;\nmin-height:15px;\nbackground-color:#45ba7d;\n}\n.responsive #top #wrap_all .flex_cell.av-ja6xr-3df94be2a363c7ca6a23b6a5d6097913{\npadding:0px 0px 0px 0px !important;\n}\n<\/style>\n<div class='flex_cell av-ja6xr-3df94be2a363c7ca6a23b6a5d6097913 av-gridrow-cell av_one_fourth no_margin  avia-builder-el-20  el_after_av_cell_one_fourth  el_before_av_cell_one_fourth  av-zero-padding'  ><div class='flex_cell_inner'><\/div><\/div>\n<style type=\"text\/css\" data-created_by=\"avia_inline_auto\" id=\"style-css-av-drkh3-2cdd93691704fd30ff4def57ee0b00ab\">\n.flex_cell.av-drkh3-2cdd93691704fd30ff4def57ee0b00ab{\nvertical-align:top;\nheight:15px;\nmin-height:15px;\nbackground-color:#4a9295;\n}\n.responsive #top #wrap_all .flex_cell.av-drkh3-2cdd93691704fd30ff4def57ee0b00ab{\npadding:0px 0px 0px 0px !important;\n}\n<\/style>\n<div class='flex_cell av-drkh3-2cdd93691704fd30ff4def57ee0b00ab av-gridrow-cell av_one_fourth no_margin  avia-builder-el-21  el_after_av_cell_one_fourth  el_before_av_cell_one_fourth  av-zero-padding'  ><div class='flex_cell_inner'><\/div><\/div>\n<style type=\"text\/css\" data-created_by=\"avia_inline_auto\" id=\"style-css-av-wow7-44099378e294194721ce4abedfa72cd2\">\n.flex_cell.av-wow7-44099378e294194721ce4abedfa72cd2{\nvertical-align:top;\nheight:15px;\nmin-height:15px;\nbackground-color:#336a8b;\n}\n.responsive #top #wrap_all .flex_cell.av-wow7-44099378e294194721ce4abedfa72cd2{\npadding:0px 0px 0px 0px !important;\n}\n<\/style>\n<div class='flex_cell av-wow7-44099378e294194721ce4abedfa72cd2 av-gridrow-cell av_one_fourth no_margin  avia-builder-el-22  el_after_av_cell_one_fourth  avia-builder-el-last  av-zero-padding'  ><div class='flex_cell_inner'><\/div><\/div>\n<\/div><\/p>\n\n<style type=\"text\/css\" data-created_by=\"avia_inline_auto\" id=\"style-css-av-4v82f-a1dc292da1d80ad3962354d833ff0941\">\n.avia-section.av-4v82f-a1dc292da1d80ad3962354d833ff0941 .av-section-color-overlay{\nopacity:1;\nbackground-color:#336a8b;\n}\n<\/style>\n<div id='av_section_1'  class='avia-section av-4v82f-a1dc292da1d80ad3962354d833ff0941 alternate_color avia-section-huge avia-no-border-styling  avia-builder-el-23  el_after_av_layout_row  avia-builder-el-last  avia-bg-style-fixed av-section-color-overlay-active container_wrap fullsize'  ><div class=\"av-section-color-overlay-wrap\"><div class=\"av-section-color-overlay\"><\/div><div class='container av-section-cont-open' ><div class='template-page content  av-content-full alpha units'><div class='post-entry post-entry-type-page post-entry-3745'><div class='entry-content-wrapper clearfix'>\n\n<style type=\"text\/css\" data-created_by=\"avia_inline_auto\" id=\"style-css-av-17694n-b95f7c2ed8d3d6b99fc25db539cc766c\">\n.flex_column.av-17694n-b95f7c2ed8d3d6b99fc25db539cc766c{\nborder-radius:0px 0px 0px 0px;\npadding:0px 0px 0px 0px;\n}\n<\/style>\n<div  class='flex_column av-17694n-b95f7c2ed8d3d6b99fc25db539cc766c av_one_fifth  avia-builder-el-24  el_before_av_three_fifth  avia-builder-el-first  first flex_column_div av-zero-column-padding  '     ><\/div>\n<style type=\"text\/css\" data-created_by=\"avia_inline_auto\" id=\"style-css-av-15jm0n-cca971c6261f117252314e3e7d78648a\">\n.flex_column.av-15jm0n-cca971c6261f117252314e3e7d78648a{\nborder-radius:0px 0px 0px 0px;\npadding:0px 0px 0px 0px;\n}\n<\/style>\n<div  class='flex_column av-15jm0n-cca971c6261f117252314e3e7d78648a av_three_fifth  avia-builder-el-25  el_after_av_one_fifth  el_before_av_one_fifth  flex_column_div av-zero-column-padding  '     ><p>\n<style type=\"text\/css\" data-created_by=\"avia_inline_auto\" id=\"style-css-av-vf9i7-860b5078368c02c699b5878cd13d928d\">\n#top .av-special-heading.av-vf9i7-860b5078368c02c699b5878cd13d928d{\npadding-bottom:20px;\nfont-size:50px;\n}\nbody .av-special-heading.av-vf9i7-860b5078368c02c699b5878cd13d928d .av-special-heading-tag .heading-char{\nfont-size:25px;\n}\n#top #wrap_all .av-special-heading.av-vf9i7-860b5078368c02c699b5878cd13d928d .av-special-heading-tag{\nfont-size:50px;\n}\n.av-special-heading.av-vf9i7-860b5078368c02c699b5878cd13d928d .av-subheading{\nfont-size:15px;\n}\n\n@media only screen and (min-width: 480px) and (max-width: 767px){ \n#top #wrap_all .av-special-heading.av-vf9i7-860b5078368c02c699b5878cd13d928d .av-special-heading-tag{\nfont-size:0.8em;\n}\n}\n\n@media only screen and (max-width: 479px){ \n#top #wrap_all .av-special-heading.av-vf9i7-860b5078368c02c699b5878cd13d928d .av-special-heading-tag{\nfont-size:0.8em;\n}\n}\n<\/style>\n<div  class='av-special-heading av-vf9i7-860b5078368c02c699b5878cd13d928d av-special-heading-h1 blockquote modern-quote modern-centered  avia-builder-el-26  el_before_av_textblock  avia-builder-el-first  av-inherit-size'><h1 class='av-special-heading-tag '  itemprop=\"headline\"  ><u>Qu\u00e8<\/u> puc fer per tu<\/h1><div class=\"special-heading-border\"><div class=\"special-heading-inner-border\"><\/div><\/div><\/div><br \/>\n<section  class='av_textblock_section av-sddhj-71826084db932ffe17b3d68bf4910122 '   itemscope=\"itemscope\" itemtype=\"https:\/\/schema.org\/CreativeWork\" ><div class='avia_textblock'  itemprop=\"text\" ><p style=\"text-align: center;\">Cada persona \u00e9s \u00fanica. T\u2019atenc a tu de la manera que necessites en cada moment. M\u2019agrada saber que faig una feina artesanal, amb cura i cuidant els detalls. Cerco la bellesa. S\u00ed, s\u00ed, la bellesa, tant la bellesa de la consulta com a espai que t\u2019acull com la bellesa singular i irrepetible que tots portem a dins. La vida \u00e9s un misteri, i nom\u00e9s la bellesa i la compassi\u00f3 salven el m\u00f3n.<\/p>\n<\/div><\/section><br \/>\n\n<style type=\"text\/css\" data-created_by=\"avia_inline_auto\" id=\"style-css-av-nndvz-5091eb23189325314b40537e87ca01cc\">\n#top .hr.hr-invisible.av-nndvz-5091eb23189325314b40537e87ca01cc{\nheight:20px;\n}\n<\/style>\n<div  class='hr av-nndvz-5091eb23189325314b40537e87ca01cc hr-invisible  avia-builder-el-28  el_after_av_textblock  el_before_av_button '><span class='hr-inner '><span class=\"hr-inner-style\"><\/span><\/span><\/div><br \/>\n<div  class='avia-button-wrap av-dsxuv-ed0d558a6bacf87075fe4147764f4bb3-wrap avia-button-center  avia-builder-el-29  el_after_av_hr  avia-builder-el-last '><a href='https:\/\/annaferregimenez.com\/servicios\/'  class='avia-button av-dsxuv-ed0d558a6bacf87075fe4147764f4bb3 av-link-btn avia-icon_select-yes-right-icon avia-size-large avia-position-center av-icon-on-hover avia-color-light'   aria-label=\"Qu\u00e8 puc fer per tu\"><span class='avia_iconbox_title' >Qu\u00e8 puc fer per tu<\/span><span class='avia_button_icon avia_button_icon_right' aria-hidden='true' data-av_icon='\ue879' data-av_iconfont='entypo-fontello'><\/span><\/a><\/div><\/p><\/div>\n<style type=\"text\/css\" data-created_by=\"avia_inline_auto\" id=\"style-css-av-7mv9b-473f97204fbf548ef5063da9bc960fcb\">\n.flex_column.av-7mv9b-473f97204fbf548ef5063da9bc960fcb{\nborder-radius:0px 0px 0px 0px;\npadding:0px 0px 0px 0px;\n}\n<\/style>\n<div  class='flex_column av-7mv9b-473f97204fbf548ef5063da9bc960fcb av_one_fifth  avia-builder-el-30  el_after_av_three_fifth  avia-builder-el-last  flex_column_div av-zero-column-padding  '     ><\/div>\n\n","protected":false},"excerpt":{"rendered":"","protected":false},"author":4,"featured_media":0,"parent":0,"menu_order":0,"comment_status":"closed","ping_status":"closed","template":"","meta":{"footnotes":""},"class_list":["post-3745","page","type-page","status-publish","hentry"],"_links":{"self":[{"href":"https:\/\/annaferregimenez.com\/ca\/wp-json\/wp\/v2\/pages\/3745"}],"collection":[{"href":"https:\/\/annaferregimenez.com\/ca\/wp-json\/wp\/v2\/pages"}],"about":[{"href":"https:\/\/annaferregimenez.com\/ca\/wp-json\/wp\/v2\/types\/page"}],"author":[{"embeddable":true,"href":"https:\/\/annaferregimenez.com\/ca\/wp-json\/wp\/v2\/users\/4"}],"replies":[{"embeddable":true,"href":"https:\/\/annaferregimenez.com\/ca\/wp-json\/wp\/v2\/comments?post=3745"}],"version-history":[{"count":6,"href":"https:\/\/annaferregimenez.com\/ca\/wp-json\/wp\/v2\/pages\/3745\/revisions"}],"predecessor-version":[{"id":4914,"href":"https:\/\/annaferregimenez.com\/ca\/wp-json\/wp\/v2\/pages\/3745\/revisions\/4914"}],"wp:attachment":[{"href":"https:\/\/annaferregimenez.com\/ca\/wp-json\/wp\/v2\/media?parent=3745"}],"curies":[{"name":"wp","href":"https:\/\/api.w.org\/{rel}","templated":true}]}}