{"id":3748,"date":"2024-08-25T20:41:42","date_gmt":"2024-08-25T18:41:42","guid":{"rendered":"https:\/\/annaferregimenez.com\/politica-de-cookies\/"},"modified":"2024-09-05T20:21:49","modified_gmt":"2024-09-05T18:21:49","slug":"politica-de-cookies","status":"publish","type":"page","link":"https:\/\/annaferregimenez.com\/ca\/politica-de-cookies\/","title":{"rendered":"Pol\u00edtica de Cookies"},"content":{"rendered":"<h2>POL\u00cdTICA DE COOKIES<\/h2>\n<div id=\"clickdatos\">\n<p>A la web <a href=\"http:\/\/www.annaferregimenez.com\" target=\"_new\" rel=\"noopener\">www.annaferregimenez.com<\/a> (en endavant, el Lloc Web) utilitzem cookies per facilitar la relaci\u00f3 dels visitants amb el nostre contingut i per permetre elaborar estad\u00edstiques sobre els visitants que rebem.<\/p>\n<p>L&#8217;informem que podem utilitzar cookies amb la finalitat de facilitar la seva navegaci\u00f3 a trav\u00e9s del Lloc Web, distingir-lo d&#8217;altres usuaris, proporcionar-li una millor experi\u00e8ncia en l&#8217;\u00fas del mateix, i identificar problemes per millorar el nostre Lloc Web.<\/p>\n<p><strong>Qu\u00e8 s\u00f3n les cookies?<\/strong><\/p>\n<p>s denominen cookies a uns petits arxius que es graven en el navegador utilitzat per cada visitant de la nostra web perqu\u00e8 el servidor pugui recordar la visita d&#8217;aquest usuari posteriorment quan torni a accedir als nostres continguts. Aquesta informaci\u00f3 no revela la seva identitat, ni cap dada personal, ni accedeix al contingut emmagatzemat en el seu PC, per\u00f2 s\u00ed que permet al nostre sistema identificar-lo com a un usuari determinat que ja va visitar la web amb anterioritat, va visualitzar determinades p\u00e0gines, etc., i a m\u00e9s permet guardar les seves prefer\u00e8ncies personals i informaci\u00f3 t\u00e8cnica.<\/p>\n<p>En compliment de la Directiva 2009\/136\/CE, desenvolupada en el nostre ordenament per l&#8217;apartat segon de l&#8217;article 22 de la LSSI, seguint les directrius de l&#8217;AEPD, procedim a informar-lo detalladament de l&#8217;\u00fas que es fa a la nostra web.<\/p>\n<p>A continuaci\u00f3, es realitza una classificaci\u00f3 de les cookies en funci\u00f3 d&#8217;una s\u00e8rie de categories. No obstant aix\u00f2, cal tenir en compte que una mateixa cookie pot estar inclosa en m\u00e9s d&#8217;una categoria.<\/p>\n<div>\n<p><strong>Tipus de cookies segons l&#8217;entitat que les gestiona<\/strong><\/p>\n<ul>\n<li>Cookies pr\u00f2pies: S\u00f3n aquelles que s&#8217;envien a l&#8217;equip terminal de l&#8217;usuari des d&#8217;un equip o domini gestionat pel propi editor.<\/li>\n<li>Cookies de tercers: S\u00f3n aquelles que s&#8217;envien a l&#8217;equip terminal de l&#8217;usuari des d&#8217;un equip o domini que no \u00e9s gestionat per l&#8217;editor, sin\u00f3 per una altra entitat que tracta les dades.<\/li>\n<\/ul>\n<div>\n<p><strong>Tipus de cookies segones el termini de temps que romanen actives<\/strong><\/p>\n<ul>\n<li>Cookies de sessi\u00f3: S\u00f3n un tipus de cookies dissenyades per recollir i emmagatzemar dades mentre l&#8217;usuari accedeix a una p\u00e0gina web.<\/li>\n<li>Cookies persistents: S\u00f3n un tipus de cookies en qu\u00e8 les dades continuen emmagatzemades al terminal i poden ser accedides i tractades durant un per\u00edode definit pel responsable de la cookie, i que pot anar des d&#8217;uns minuts fins a diversos anys.<\/li>\n<\/ul>\n<\/div>\n<\/div>\n<div>\n<p><strong>Tipos de cookies seg\u00fan su finalidad<\/strong><\/p>\n<ul>\n<li>Cookies t\u00e8cniques: Aquelles que permeten a l&#8217;usuari la navegaci\u00f3 a trav\u00e9s d&#8217;una p\u00e0gina web, plataforma o aplicaci\u00f3 i la utilitzaci\u00f3 de les diferents opcions o serveis que hi existeixen.<\/li>\n<li>Cookies de personalitzaci\u00f3: S\u00f3n aquelles que permeten a l&#8217;usuari accedir al servei amb algunes caracter\u00edstiques de car\u00e0cter general predefinides en funci\u00f3 d&#8217;una s\u00e8rie de criteris en el terminal de l&#8217;usuari.<\/li>\n<li>Cookies publicit\u00e0ries: S\u00f3n aquelles que permeten la gesti\u00f3, de la forma m\u00e9s efica\u00e7 possible, dels espais publicitaris que, si escau, l&#8217;editor hagi incl\u00f2s en una p\u00e0gina web.<\/li>\n<li>Cookies de publicitat comportamental: S\u00f3n aquelles que permeten la gesti\u00f3, de la forma m\u00e9s efica\u00e7 possible, dels espais publicitaris que, si escau, l&#8217;editor hagi incl\u00f2s en una p\u00e0gina web. Aquestes cookies emmagatzemen informaci\u00f3 del comportament dels usuaris obtinguda a trav\u00e9s de l&#8217;observaci\u00f3 continuada dels seus h\u00e0bits de navegaci\u00f3, la qual cosa permet desenvolupar un perfil espec\u00edfic per mostrar publicitat en funci\u00f3 d&#8217;aquest.<\/li>\n<li>Cookies d&#8217;an\u00e0lisi: S\u00f3n aquelles que permeten al responsable de les mateixes el seguiment i an\u00e0lisi del comportament dels usuaris dels llocs web als quals estan vinculades. La informaci\u00f3 recollida mitjan\u00e7ant aquest tipus de cookies s&#8217;utilitza en la mesura de l&#8217;activitat dels llocs web, amb la finalitat d&#8217;introduir millores en funci\u00f3 de l&#8217;an\u00e0lisi de les dades d&#8217;\u00fas que fan els usuaris del servei.<\/li>\n<\/ul>\n<\/div>\n<p>Actualment, la majoria dels navegadors venen configurats per defecte per bloquejar la instal\u00b7laci\u00f3 de cookies de publicitat o de tercers al seu equip. L&#8217;usuari pot ampliar les restriccions d&#8217;origen, impedint l&#8217;entrada de qualsevol tipus de cookie, o eliminar aquestes restriccions, acceptant l&#8217;entrada de qualsevol tipus de cookie. Si est\u00e0 interessat a admetre cookies de publicitat o de tercers, podr\u00e0 configurar el seu navegador a tal fi.<\/p>\n<p>L&#8217;acceptaci\u00f3 realitzada per l&#8217;usuari, fent clic al bot\u00f3 d\u2019&#8221;ACEPTAR&#8221; mostrat en la informaci\u00f3 inicial sobre cookies, implica que est\u00e0 consentint expressament al responsable per a la seva utilitzaci\u00f3, podent exercir els seus drets i revocar el seu consentiment en qualsevol moment, a trav\u00e9s d&#8217;una sol\u00b7licitud a Prisca Formaci\u00f3.<\/p>\n<p>A continuaci\u00f3, l&#8217;informem detalladament de totes les cookies que podrien arribar a instal\u00b7lar-se des del nostre lloc web. En funci\u00f3 de la seva navegaci\u00f3, de la configuraci\u00f3 del seu navegador i de l&#8217;acceptaci\u00f3 o rebuig de les mateixes, podran instal\u00b7lar-se totes o nom\u00e9s algunes d&#8217;elles.<\/p>\n<div class=\"flex max-w-full flex-col flex-grow\">\n<div class=\"min-h-[20px] text-message flex w-full flex-col items-end gap-2 break-words [.text-message+&amp;]:mt-5 overflow-x-auto whitespace-normal\" dir=\"auto\" data-message-author-role=\"assistant\" data-message-id=\"530a2d9b-b764-4c53-8dd2-38e58dcf86b8\">\n<div class=\"flex w-full flex-col gap-1 empty:hidden first:pt-[3px]\">\n<div class=\"markdown prose w-full break-words dark:prose-invert light\">\n<p>\u00c9s possible que actualitzem la Pol\u00edtica de Cookies del nostre Lloc Web, per aix\u00f2 li recomanem revisar aquesta pol\u00edtica cada vegada que accedeixi al nostre Lloc Web amb l&#8217;objectiu d&#8217;estar degudament informat sobre com i per a qu\u00e8 utilitzem les cookies.<\/p>\n<p>Si vost\u00e8 no desitja que es guardin cookies al seu navegador o prefereix rebre una informaci\u00f3 cada vegada que una cookie sol\u00b7liciti instal\u00b7lar-se, pot configurar les seves opcions de navegaci\u00f3 perqu\u00e8 es faci d&#8217;aquesta manera. La major part dels navegadors permeten la gesti\u00f3 de les cookies de 3 maneres diferents:<\/p>\n<ul>\n<li>Les cookies s\u00f3n sempre rebutjades;<\/li>\n<li>El navegador pregunta si l&#8217;usuari desitja instal\u00b7lar cada cookie;<\/li>\n<li>Les cookies s\u00f3n sempre acceptades;<\/li>\n<\/ul>\n<p>El seu navegador tamb\u00e9 pot incloure la possibilitat de seleccionar amb detall les cookies que desitja que s&#8217;instal\u00b7lin al seu ordinador. En concret, l&#8217;usuari pot normalment acceptar alguna de les seg\u00fcents opcions:<\/p>\n<ul>\n<li>Rebutjar les cookies de determinats dominis;<\/li>\n<li>Rebutjar les cookies de tercers;<\/li>\n<li>Acceptar cookies com a no persistents (s&#8217;eliminen quan es tanca el navegador);<\/li>\n<li>Permetre al servidor crear cookies per a un domini diferent.<\/li>\n<\/ul>\n<p>Per permetre, con\u00e8ixer, bloquejar o eliminar les cookies instal\u00b7lades al seu equip pot fer-ho mitjan\u00e7ant la configuraci\u00f3 de les opcions del navegador instal\u00b7lat al seu ordinador.<\/p>\n<p>Pot trobar informaci\u00f3 sobre com configurar els navegadors m\u00e9s utilitzats en les seg\u00fcents ubicacions:<\/p>\n<ul>\n<li><strong>Internet Explorer:<\/strong> Eines -&gt; Opcions d&#8217;Internet -&gt; Privacitat -&gt; Configuraci\u00f3. Per a m\u00e9s informaci\u00f3, pot consultar el suport de Microsoft o l&#8217;Ajuda del navegador.<\/li>\n<li><strong>Firefox:<\/strong> Eines -&gt; Opcions -&gt; Privacitat -&gt; Historial -&gt; Configuraci\u00f3 Personalitzada. Per a m\u00e9s informaci\u00f3, pot consultar el suport de Mozilla o l&#8217;Ajuda del navegador.<\/li>\n<li><strong>Chrome:<\/strong> Configuraci\u00f3 -&gt; Mostrar opcions avan\u00e7ades -&gt; Privacitat -&gt; Configuraci\u00f3 de contingut. Per a m\u00e9s informaci\u00f3, pot consultar el suport de Google o l&#8217;Ajuda del navegador.<\/li>\n<li><strong>Safari:<\/strong> Prefer\u00e8ncies -&gt; Seguretat. Per a m\u00e9s informaci\u00f3, pot consultar el suport d&#8217;Apple o l&#8217;Ajuda del navegador.<\/li>\n<\/ul>\n<\/div>\n<\/div>\n<\/div>\n<\/div>\n<div class=\"mt-1 flex gap-3 empty:hidden -ml-2\">\n<div class=\"items-center justify-start rounded-xl p-1 flex\">\n<div class=\"flex items-center\">\n<p>&nbsp;<\/p>\n<div class=\"flex\"><\/div>\n<div class=\"flex items-center pb-0\">\n<div class=\"[&amp;_svg]:h-full [&amp;_svg]:w-full icon-md h-4 w-4\"><\/div>\n<\/div>\n<\/div>\n<\/div>\n<\/div>\n<\/div>\n","protected":false},"excerpt":{"rendered":"<p>POL\u00cdTICA DE COOKIES A la web www.annaferregimenez.com (en endavant, el Lloc Web) utilitzem cookies per facilitar la relaci\u00f3 dels visitants amb el nostre contingut i per permetre elaborar estad\u00edstiques sobre els visitants que rebem. L&#8217;informem que podem utilitzar cookies amb la finalitat de facilitar la seva navegaci\u00f3 a trav\u00e9s del Lloc Web, distingir-lo d&#8217;altres usuaris, [&hellip;]<\/p>\n","protected":false},"author":4,"featured_media":0,"parent":0,"menu_order":0,"comment_status":"closed","ping_status":"closed","template":"","meta":{"footnotes":""},"class_list":["post-3748","page","type-page","status-publish","hentry"],"_links":{"self":[{"href":"https:\/\/annaferregimenez.com\/ca\/wp-json\/wp\/v2\/pages\/3748"}],"collection":[{"href":"https:\/\/annaferregimenez.com\/ca\/wp-json\/wp\/v2\/pages"}],"about":[{"href":"https:\/\/annaferregimenez.com\/ca\/wp-json\/wp\/v2\/types\/page"}],"author":[{"embeddable":true,"href":"https:\/\/annaferregimenez.com\/ca\/wp-json\/wp\/v2\/users\/4"}],"replies":[{"embeddable":true,"href":"https:\/\/annaferregimenez.com\/ca\/wp-json\/wp\/v2\/comments?post=3748"}],"version-history":[{"count":3,"href":"https:\/\/annaferregimenez.com\/ca\/wp-json\/wp\/v2\/pages\/3748\/revisions"}],"predecessor-version":[{"id":5136,"href":"https:\/\/annaferregimenez.com\/ca\/wp-json\/wp\/v2\/pages\/3748\/revisions\/5136"}],"wp:attachment":[{"href":"https:\/\/annaferregimenez.com\/ca\/wp-json\/wp\/v2\/media?parent=3748"}],"curies":[{"name":"wp","href":"https:\/\/api.w.org\/{rel}","templated":true}]}}